{"id":1187,"date":"2022-10-24T16:12:44","date_gmt":"2022-10-24T16:12:44","guid":{"rendered":"https:\/\/son.webrt.net\/Besico\/?post_type=product&#038;p=1187"},"modified":"2022-11-02T07:45:47","modified_gmt":"2022-11-02T07:45:47","slug":"noi-chien-khong-dau-besico-bsa5-0d","status":"publish","type":"product","link":"https:\/\/mypham25.mauthemewp.com\/?product=noi-chien-khong-dau-besico-bsa5-0d","title":{"rendered":"N\u1ed3i chi\u00ean h\u01a1i n\u01b0\u1edbc BSA5.0D"},"content":{"rendered":"<p><b>N\u1ed3i chi\u00ean h\u01a1i n\u01b0\u1edbc Besico BSA5.0D n\u1ea5u n\u01b0\u1edbng th\u1ea3nh th\u01a1i, g\u1eafn k\u1ebft gia \u0111\u00ecnh<br \/>\n<\/b><\/p>\n<p>V\u1edbi s\u1ef1 k\u1ebft h\u1ee3p ho\u00e0n h\u1ea3o c\u1ee7a c\u00f4ng ngh\u1ec7 ti\u00ean ti\u1ebfn m\u1edbi, n\u1ed3i chi\u00ean h\u01a1i n\u01b0\u1edbc Besico BSA5.0D v\u1edbi COMBO 03 ch\u1ebf \u0111\u1ed9 Chi\u00ean, H\u1ea5p, Chi\u00ean k\u1ebft h\u1ee3p h\u1ea5p gi\u00fap ch\u1ebf bi\u1ebfn nh\u1eefng m\u00f3n \u0103n tr\u00f2n v\u1ecb, gi\u1eef nguy\u00ean dinh d\u01b0\u1ee1ng c\u1ee7a m\u00f3n \u0103n. C\u00e1c m\u00f3n chi\u00ean gi\u00f2n tan c\u00f2n c\u00e1c m\u00f3n h\u1ea5p th\u00ec ch\u00edn m\u1ec1m.<\/p>\n<p><img loading=\"lazy\" decoding=\"async\" class=\"aligncenter wp-image-1421\" src=\"https:\/\/mau4.maudep.com.vn\/besico\/wp-content\/uploads\/2022\/10\/12-e1667203495930-437x400.jpg\" alt=\"\" width=\"500\" height=\"457\" srcset=\"https:\/\/mypham25.mauthemewp.com\/wp-content\/uploads\/2022\/10\/12-e1667203495930-437x400.jpg 437w, https:\/\/mypham25.mauthemewp.com\/wp-content\/uploads\/2022\/10\/12-e1667203495930.jpg 600w\" sizes=\"auto, (max-width: 500px) 100vw, 500px\" \/><\/p>\n<p>N\u1ed3i chi\u00ean kh\u00f4ng d\u1ea7u 5L duy nh\u1ea5t tr\u00ean th\u1ecb tr\u01b0\u1eddng t\u00edch h\u1ee3p ch\u1ee9c n\u0103ng h\u1ea5p<\/p>\n<p>Besico t\u1ef1 h\u00e0o l\u00e0 th\u01b0\u01a1ng hi\u1ec7u gia d\u1ee5ng duy nh\u1ea5t c\u00f3 m\u1eabu s\u1ea3n ph\u1ea9m n\u1ed3i chi\u00ean kh\u00f4ng d\u1ea7u dung t\u00edch 5L c\u00f3 ch\u1ee9c n\u0103ng h\u1ea5p. S\u1ea3n ph\u1ea9m ho\u00e0n to\u00e0n c\u00f3 th\u1ec3 thay th\u1ebf n\u1ed3i h\u1ea5p v\u00e0 l\u00f2 vi s\u00f3ng trong gia \u0111\u00ecnh. H\u00e2m n\u00f3ng \u0111\u1ed3 \u0103n m\u00e0 kh\u00f4ng lo l\u00e0m kh\u00f4 b\u1ec1 m\u1eb7t th\u1ef1c ph\u1ea9m th\u00ec h\u1ea5p s\u1ebd l\u00e0 l\u1ef1a ch\u1ecdn t\u1ed1i \u01b0u gi\u00fap gi\u1eef nguy\u00ean d\u01b0\u1ee1ng ch\u1ea5t trong m\u00f3n \u0103n.<\/p>\n<p><img loading=\"lazy\" decoding=\"async\" class=\"aligncenter wp-image-1634\" src=\"https:\/\/mau4.maudep.com.vn\/besico\/wp-content\/uploads\/2022\/10\/1da50bb0adb66be832a7-400x400.jpg\" alt=\"\" width=\"500\" height=\"500\" srcset=\"https:\/\/mypham25.mauthemewp.com\/wp-content\/uploads\/2022\/10\/1da50bb0adb66be832a7-400x400.jpg 400w, https:\/\/mypham25.mauthemewp.com\/wp-content\/uploads\/2022\/10\/1da50bb0adb66be832a7-800x800.jpg 800w, https:\/\/mypham25.mauthemewp.com\/wp-content\/uploads\/2022\/10\/1da50bb0adb66be832a7-280x280.jpg 280w, https:\/\/mypham25.mauthemewp.com\/wp-content\/uploads\/2022\/10\/1da50bb0adb66be832a7-768x768.jpg 768w, https:\/\/mypham25.mauthemewp.com\/wp-content\/uploads\/2022\/10\/1da50bb0adb66be832a7-600x600.jpg 600w, https:\/\/mypham25.mauthemewp.com\/wp-content\/uploads\/2022\/10\/1da50bb0adb66be832a7-100x100.jpg 100w, https:\/\/mypham25.mauthemewp.com\/wp-content\/uploads\/2022\/10\/1da50bb0adb66be832a7.jpg 1200w\" sizes=\"auto, (max-width: 500px) 100vw, 500px\" \/><\/p>\n<p><strong>Thi\u1ebft k\u1ebf tr\u1ebb trung, hi\u1ec7n \u0111\u1ea1i<\/strong><\/p>\n<p>V\u1edbi m\u00e0u be matte, n\u1ed3i chi\u00ean h\u01a1i n\u01b0\u1edbc BAF5.0D c\u00f3 thi\u1ebft k\u1ebf tinh t\u1ebf, sang tr\u1ecdng, ph\u00f9 h\u1ee3p v\u1edbi m\u1ecdi tone m\u00e0u c\u0103n b\u1ebfp. S\u1ea3n ph\u1ea9m kh\u00f4ng ch\u1ec9 gi\u00fap ng\u01b0\u1eddi n\u1ed9i tr\u1ee3 trong c\u00f4ng vi\u1ec7c n\u1ea5u n\u01b0\u1edbng h\u00e0ng ng\u00e0y m\u00e0 c\u00f2n t\u00f4 \u0111i\u1ec3m cho c\u0103n b\u1ebfp ng\u00f4i nh\u00e0 b\u1ea1n.<\/p>\n<p><img loading=\"lazy\" decoding=\"async\" class=\"wp-image-1444 aligncenter\" src=\"https:\/\/mau4.maudep.com.vn\/besico\/wp-content\/uploads\/2022\/10\/Artboard-18-599x400.jpg\" alt=\"\" width=\"500\" height=\"334\" srcset=\"https:\/\/mypham25.mauthemewp.com\/wp-content\/uploads\/2022\/10\/Artboard-18-599x400.jpg 599w, https:\/\/mypham25.mauthemewp.com\/wp-content\/uploads\/2022\/10\/Artboard-18-1198x800.jpg 1198w, https:\/\/mypham25.mauthemewp.com\/wp-content\/uploads\/2022\/10\/Artboard-18-768x513.jpg 768w, https:\/\/mypham25.mauthemewp.com\/wp-content\/uploads\/2022\/10\/Artboard-18-1536x1025.jpg 1536w, https:\/\/mypham25.mauthemewp.com\/wp-content\/uploads\/2022\/10\/Artboard-18-600x401.jpg 600w, https:\/\/mypham25.mauthemewp.com\/wp-content\/uploads\/2022\/10\/Artboard-18.jpg 1757w\" sizes=\"auto, (max-width: 500px) 100vw, 500px\" \/><\/p>\n<p><b>7 ch\u1ebf \u0111\u1ed9 n\u1ea5u t\u1ef1 \u0111\u1ed9ng v\u1edbi \u0111a d\u1ea1ng m\u00f3n \u0103n<\/b><\/p>\n<p>V\u1edbi 7 ch\u1ebf \u0111\u1ed9 n\u1ea5u t\u1ef1 \u0111\u1ed9ng \u0111\u01b0\u1ee3c c\u00e0i \u0111\u1eb7t s\u1eb5n v\u1ec1 nhi\u1ec7t \u0111\u1ed9 v\u00e0 th\u1eddi gian ph\u00f9 h\u1ee3p cho \u0111a d\u1ea1ng th\u1ef1c ph\u1ea9m, bao g\u1ed3m: C\u00e1nh g\u00e0, g\u00e0 nguy\u00ean con, t\u00f4m, c\u00e1, b\u00e1nh tart tr\u1ee9ng,&#8230;<\/p>\n<p><img loading=\"lazy\" decoding=\"async\" class=\"aligncenter wp-image-1425\" src=\"https:\/\/mau4.maudep.com.vn\/besico\/wp-content\/uploads\/2022\/10\/13-e1667204375838-369x400.jpg\" alt=\"\" width=\"462\" height=\"500\" srcset=\"https:\/\/mypham25.mauthemewp.com\/wp-content\/uploads\/2022\/10\/13-e1667204375838-369x400.jpg 369w, https:\/\/mypham25.mauthemewp.com\/wp-content\/uploads\/2022\/10\/13-e1667204375838.jpg 600w\" sizes=\"auto, (max-width: 462px) 100vw, 462px\" \/><\/p>\n<p><b>C\u00f4ng ngh\u1ec7 c\u1ea3m \u1ee9ng hi\u1ec7n \u0111\u1ea1i, s\u1eed d\u1ee5ng d\u1ec5 d\u00e0ng<\/b><\/p>\n<p><span style=\"font-weight: 400\">M\u00e0n h\u00ecnh c\u1ea3m \u1ee9ng hi\u1ec7n \u0111\u1ea1i v\u1edbi h\u00ecnh \u1ea3nh r\u00f5 r\u00e0ng, d\u1ec5 d\u00e0ng s\u1eed d\u1ee5ng. M\u00e0n h\u00ecnh hi\u1ec7n \u0111\u1ea1i \u0111em t\u1edbi cho BSA5.0D v\u1ebb tr\u1ebb trung, hi\u1ec7n \u0111\u1ea1i cho s\u1ea3n ph\u1ea9m. \u0110\u1eb7c bi\u1ec7t, n\u1ed3i chi\u00ean BSA5.0D c\u00f2n c\u00f3 t\u00ednh n\u0103ng \u201ctwist\u201d th\u00f4ng b\u00e1o cho ng\u01b0\u1eddi n\u1ea5u th\u1eddi \u0111i\u1ec3m \u0111\u1ec3 l\u1eadt th\u1ee9c \u0103n khi th\u1eddi gian n\u01b0\u1edbng \u0111\u00e3 tr\u00f4i qua m\u1ed9t n\u1eeda.<\/span><\/p>\n<p><img loading=\"lazy\" decoding=\"async\" class=\"aligncenter wp-image-1426\" src=\"https:\/\/mau4.maudep.com.vn\/besico\/wp-content\/uploads\/2022\/10\/15-1-e1667204441387-400x400.jpg\" alt=\"\" width=\"500\" height=\"500\" srcset=\"https:\/\/mypham25.mauthemewp.com\/wp-content\/uploads\/2022\/10\/15-1-e1667204441387-400x400.jpg 400w, https:\/\/mypham25.mauthemewp.com\/wp-content\/uploads\/2022\/10\/15-1-e1667204441387-280x280.jpg 280w, https:\/\/mypham25.mauthemewp.com\/wp-content\/uploads\/2022\/10\/15-1-e1667204441387-100x100.jpg 100w, https:\/\/mypham25.mauthemewp.com\/wp-content\/uploads\/2022\/10\/15-1-e1667204441387.jpg 600w\" sizes=\"auto, (max-width: 500px) 100vw, 500px\" \/><\/p>\n<p><b>Dung t\u00edch ph\u00f9 h\u1ee3p cho nh\u1eefng b\u1eefa \u0103n c\u1ee7a gia \u0111\u00ecnh nh\u1ecf<\/b><\/p>\n<p><span style=\"font-weight: 400\">V\u1edbi khoang chi\u00ean 5L, N\u1ed3i chi\u00ean BSA5.0D c\u00f3 th\u1ec3 \u0111\u00e1p \u1ee9ng nhanh ch\u00f3ng nhi\u1ec1u m\u00f3n \u0103n ph\u00f9 h\u1ee3p cho gia \u0111\u00ecnh nh\u1ecf 3-4 ng\u01b0\u1eddi. B\u00ean c\u1ea1nh \u0111\u00f3, n\u1ed3i chi\u00ean Besico gi\u00fap lo\u1ea1i b\u1ecf t\u1edbi 90% l\u01b0\u1ee3ng d\u1ea7u c\u00f3 trong th\u1ef1c ph\u1ea9m nh\u01b0ng m\u00f3n \u0103n v\u1eabn th\u01a1m ngon v\u00e0 \u0111\u1ea7y \u0111\u1ee7 ch\u1ea5t dinh d\u01b0\u1ee1ng, \u0111\u1ea3m b\u1ea3o s\u1ee9c kh\u1ecfe cho c\u1ea3 gia \u0111\u00ecnh.<\/span><\/p>\n<p><img loading=\"lazy\" decoding=\"async\" class=\"wp-image-1447 aligncenter\" src=\"https:\/\/mau4.maudep.com.vn\/besico\/wp-content\/uploads\/2022\/10\/c0cd86dff0aa36f46fbb-380x400.jpg\" alt=\"\" width=\"500\" height=\"526\" srcset=\"https:\/\/mypham25.mauthemewp.com\/wp-content\/uploads\/2022\/10\/c0cd86dff0aa36f46fbb-380x400.jpg 380w, https:\/\/mypham25.mauthemewp.com\/wp-content\/uploads\/2022\/10\/c0cd86dff0aa36f46fbb-600x631.jpg 600w, https:\/\/mypham25.mauthemewp.com\/wp-content\/uploads\/2022\/10\/c0cd86dff0aa36f46fbb.jpg 602w\" sizes=\"auto, (max-width: 500px) 100vw, 500px\" \/> \u00a0<img loading=\"lazy\" decoding=\"async\" class=\"aligncenter wp-image-1449\" src=\"https:\/\/mau4.maudep.com.vn\/besico\/wp-content\/uploads\/2022\/10\/thung-387x400.jpg\" alt=\"\" width=\"500\" height=\"517\" srcset=\"https:\/\/mypham25.mauthemewp.com\/wp-content\/uploads\/2022\/10\/thung-387x400.jpg 387w, https:\/\/mypham25.mauthemewp.com\/wp-content\/uploads\/2022\/10\/thung-773x800.jpg 773w, https:\/\/mypham25.mauthemewp.com\/wp-content\/uploads\/2022\/10\/thung-768x794.jpg 768w, https:\/\/mypham25.mauthemewp.com\/wp-content\/uploads\/2022\/10\/thung-600x621.jpg 600w, https:\/\/mypham25.mauthemewp.com\/wp-content\/uploads\/2022\/10\/thung.jpg 933w\" sizes=\"auto, (max-width: 500px) 100vw, 500px\" \/><\/p>\n","protected":false},"excerpt":{"rendered":"<p>N\u1ed3i chi\u00ean h\u01a1i n\u01b0\u1edbc Besico BSA5.0D n\u1ea5u n\u01b0\u1edbng th\u1ea3nh th\u01a1i, g\u1eafn k\u1ebft gia \u0111\u00ecnh V\u1edbi s\u1ef1 k\u1ebft h\u1ee3p ho\u00e0n h\u1ea3o c\u1ee7a c\u00f4ng ngh\u1ec7 ti\u00ean ti\u1ebfn m\u1edbi, n\u1ed3i chi\u00ean h\u01a1i n\u01b0\u1edbc Besico BSA5.0D v\u1edbi COMBO 03 ch\u1ebf \u0111\u1ed9 Chi\u00ean, H\u1ea5p, Chi\u00ean k\u1ebft h\u1ee3p h\u1ea5p gi\u00fap ch\u1ebf bi\u1ebfn nh\u1eefng m\u00f3n \u0103n tr\u00f2n v\u1ecb, gi\u1eef nguy\u00ean dinh d\u01b0\u1ee1ng [&#8230;]\n","protected":false},"featured_media":1443,"comment_status":"open","ping_status":"closed","template":"","meta":{"_acf_changed":false},"product_brand":[],"product_cat":[129,131],"product_tag":[],"class_list":{"0":"post-1187","1":"product","2":"type-product","3":"status-publish","4":"has-post-thumbnail","6":"product_cat-dau-goi-dau-xa","7":"product_cat-dau-masage","9":"first","10":"instock","11":"shipping-taxable","12":"purchasable","13":"product-type-simple"},"acf":[],"yoast_head":"<!-- This site is optimized with the Yoast SEO plugin v26.3 - https:\/\/yoast.com\/wordpress\/plugins\/seo\/ -->\n<title>N\u1ed3i chi\u00ean h\u01a1i n\u01b0\u1edbc BSA5.0D - C\u00d4NG TY CP D\u01af\u1ee2C PH\u1ea8M DEMO<\/title>\n<meta name=\"robots\" content=\"noindex, follow, max-snippet:-1, max-image-preview:large, max-video-preview:-1\" \/>\n<meta property=\"og:locale\" content=\"vi_VN\" \/>\n<meta property=\"og:type\" content=\"article\" \/>\n<meta property=\"og:title\" content=\"N\u1ed3i chi\u00ean h\u01a1i n\u01b0\u1edbc BSA5.0D - C\u00d4NG TY CP D\u01af\u1ee2C PH\u1ea8M DEMO\" \/>\n<meta property=\"og:description\" content=\"N\u1ed3i chi\u00ean h\u01a1i n\u01b0\u1edbc Besico BSA5.0D n\u1ea5u n\u01b0\u1edbng th\u1ea3nh th\u01a1i, g\u1eafn k\u1ebft gia \u0111\u00ecnh V\u1edbi s\u1ef1 k\u1ebft h\u1ee3p ho\u00e0n h\u1ea3o c\u1ee7a c\u00f4ng ngh\u1ec7 ti\u00ean ti\u1ebfn m\u1edbi, n\u1ed3i chi\u00ean h\u01a1i n\u01b0\u1edbc Besico BSA5.0D v\u1edbi COMBO 03 ch\u1ebf \u0111\u1ed9 Chi\u00ean, H\u1ea5p, Chi\u00ean k\u1ebft h\u1ee3p h\u1ea5p gi\u00fap ch\u1ebf bi\u1ebfn nh\u1eefng m\u00f3n \u0103n tr\u00f2n v\u1ecb, gi\u1eef nguy\u00ean dinh d\u01b0\u1ee1ng [...]\" \/>\n<meta property=\"og:url\" content=\"https:\/\/mypham25.mauthemewp.com\/?product=noi-chien-khong-dau-besico-bsa5-0d\" \/>\n<meta property=\"og:site_name\" content=\"C\u00d4NG TY CP D\u01af\u1ee2C PH\u1ea8M DEMO\" \/>\n<meta property=\"article:modified_time\" content=\"2022-11-02T07:45:47+00:00\" \/>\n<meta property=\"og:image\" content=\"https:\/\/mypham25.mauthemewp.com\/wp-content\/uploads\/2022\/10\/nckd-5-1.jpg\" \/>\n\t<meta property=\"og:image:width\" content=\"1200\" \/>\n\t<meta property=\"og:image:height\" content=\"1200\" \/>\n\t<meta property=\"og:image:type\" content=\"image\/jpeg\" \/>\n<meta name=\"twitter:card\" content=\"summary_large_image\" \/>\n<meta name=\"twitter:label1\" content=\"\u01af\u1edbc t\u00ednh th\u1eddi gian \u0111\u1ecdc\" \/>\n\t<meta name=\"twitter:data1\" content=\"4 ph\u00fat\" \/>\n<script type=\"application\/ld+json\" class=\"yoast-schema-graph\">{\"@context\":\"https:\/\/schema.org\",\"@graph\":[{\"@type\":\"WebPage\",\"@id\":\"https:\/\/mypham25.mauthemewp.com\/?product=noi-chien-khong-dau-besico-bsa5-0d\",\"url\":\"https:\/\/mypham25.mauthemewp.com\/?product=noi-chien-khong-dau-besico-bsa5-0d\",\"name\":\"N\u1ed3i chi\u00ean h\u01a1i n\u01b0\u1edbc BSA5.0D - C\u00d4NG TY CP D\u01af\u1ee2C PH\u1ea8M DEMO\",\"isPartOf\":{\"@id\":\"https:\/\/mypham25.mauthemewp.com\/#website\"},\"primaryImageOfPage\":{\"@id\":\"https:\/\/mypham25.mauthemewp.com\/?product=noi-chien-khong-dau-besico-bsa5-0d#primaryimage\"},\"image\":{\"@id\":\"https:\/\/mypham25.mauthemewp.com\/?product=noi-chien-khong-dau-besico-bsa5-0d#primaryimage\"},\"thumbnailUrl\":\"https:\/\/mypham25.mauthemewp.com\/wp-content\/uploads\/2022\/10\/nckd-5-1.jpg\",\"datePublished\":\"2022-10-24T16:12:44+00:00\",\"dateModified\":\"2022-11-02T07:45:47+00:00\",\"breadcrumb\":{\"@id\":\"https:\/\/mypham25.mauthemewp.com\/?product=noi-chien-khong-dau-besico-bsa5-0d#breadcrumb\"},\"inLanguage\":\"vi\",\"potentialAction\":[{\"@type\":\"ReadAction\",\"target\":[\"https:\/\/mypham25.mauthemewp.com\/?product=noi-chien-khong-dau-besico-bsa5-0d\"]}]},{\"@type\":\"ImageObject\",\"inLanguage\":\"vi\",\"@id\":\"https:\/\/mypham25.mauthemewp.com\/?product=noi-chien-khong-dau-besico-bsa5-0d#primaryimage\",\"url\":\"https:\/\/mypham25.mauthemewp.com\/wp-content\/uploads\/2022\/10\/nckd-5-1.jpg\",\"contentUrl\":\"https:\/\/mypham25.mauthemewp.com\/wp-content\/uploads\/2022\/10\/nckd-5-1.jpg\",\"width\":1200,\"height\":1200},{\"@type\":\"BreadcrumbList\",\"@id\":\"https:\/\/mypham25.mauthemewp.com\/?product=noi-chien-khong-dau-besico-bsa5-0d#breadcrumb\",\"itemListElement\":[{\"@type\":\"ListItem\",\"position\":1,\"name\":\"Trang ch\u1ee7\",\"item\":\"https:\/\/mypham25.mauthemewp.com\/\"},{\"@type\":\"ListItem\",\"position\":2,\"name\":\"Shop\",\"item\":\"https:\/\/mypham25.mauthemewp.com\/?page_id=63\"},{\"@type\":\"ListItem\",\"position\":3,\"name\":\"D\u1ea7u g\u1ed9i, d\u1ea7u x\u1ea3\",\"item\":\"https:\/\/mypham25.mauthemewp.com\/?product_cat=dau-goi-dau-xa\"},{\"@type\":\"ListItem\",\"position\":4,\"name\":\"N\u1ed3i chi\u00ean h\u01a1i n\u01b0\u1edbc BSA5.0D\"}]},{\"@type\":\"WebSite\",\"@id\":\"https:\/\/mypham25.mauthemewp.com\/#website\",\"url\":\"https:\/\/mypham25.mauthemewp.com\/\",\"name\":\"C\u00d4NG TY CP D\u01af\u1ee2C PH\u1ea8M DEMO\",\"description\":\"\",\"potentialAction\":[{\"@type\":\"SearchAction\",\"target\":{\"@type\":\"EntryPoint\",\"urlTemplate\":\"https:\/\/mypham25.mauthemewp.com\/?s={search_term_string}\"},\"query-input\":{\"@type\":\"PropertyValueSpecification\",\"valueRequired\":true,\"valueName\":\"search_term_string\"}}],\"inLanguage\":\"vi\"}]}<\/script>\n<!-- \/ Yoast SEO plugin. -->","yoast_head_json":{"title":"N\u1ed3i chi\u00ean h\u01a1i n\u01b0\u1edbc BSA5.0D - C\u00d4NG TY CP D\u01af\u1ee2C PH\u1ea8M DEMO","robots":{"index":"noindex","follow":"follow","max-snippet":"max-snippet:-1","max-image-preview":"max-image-preview:large","max-video-preview":"max-video-preview:-1"},"og_locale":"vi_VN","og_type":"article","og_title":"N\u1ed3i chi\u00ean h\u01a1i n\u01b0\u1edbc BSA5.0D - C\u00d4NG TY CP D\u01af\u1ee2C PH\u1ea8M DEMO","og_description":"N\u1ed3i chi\u00ean h\u01a1i n\u01b0\u1edbc Besico BSA5.0D n\u1ea5u n\u01b0\u1edbng th\u1ea3nh th\u01a1i, g\u1eafn k\u1ebft gia \u0111\u00ecnh V\u1edbi s\u1ef1 k\u1ebft h\u1ee3p ho\u00e0n h\u1ea3o c\u1ee7a c\u00f4ng ngh\u1ec7 ti\u00ean ti\u1ebfn m\u1edbi, n\u1ed3i chi\u00ean h\u01a1i n\u01b0\u1edbc Besico BSA5.0D v\u1edbi COMBO 03 ch\u1ebf \u0111\u1ed9 Chi\u00ean, H\u1ea5p, Chi\u00ean k\u1ebft h\u1ee3p h\u1ea5p gi\u00fap ch\u1ebf bi\u1ebfn nh\u1eefng m\u00f3n \u0103n tr\u00f2n v\u1ecb, gi\u1eef nguy\u00ean dinh d\u01b0\u1ee1ng [...]","og_url":"https:\/\/mypham25.mauthemewp.com\/?product=noi-chien-khong-dau-besico-bsa5-0d","og_site_name":"C\u00d4NG TY CP D\u01af\u1ee2C PH\u1ea8M DEMO","article_modified_time":"2022-11-02T07:45:47+00:00","og_image":[{"width":1200,"height":1200,"url":"https:\/\/mypham25.mauthemewp.com\/wp-content\/uploads\/2022\/10\/nckd-5-1.jpg","type":"image\/jpeg"}],"twitter_card":"summary_large_image","twitter_misc":{"\u01af\u1edbc t\u00ednh th\u1eddi gian \u0111\u1ecdc":"4 ph\u00fat"},"schema":{"@context":"https:\/\/schema.org","@graph":[{"@type":"WebPage","@id":"https:\/\/mypham25.mauthemewp.com\/?product=noi-chien-khong-dau-besico-bsa5-0d","url":"https:\/\/mypham25.mauthemewp.com\/?product=noi-chien-khong-dau-besico-bsa5-0d","name":"N\u1ed3i chi\u00ean h\u01a1i n\u01b0\u1edbc BSA5.0D - C\u00d4NG TY CP D\u01af\u1ee2C PH\u1ea8M DEMO","isPartOf":{"@id":"https:\/\/mypham25.mauthemewp.com\/#website"},"primaryImageOfPage":{"@id":"https:\/\/mypham25.mauthemewp.com\/?product=noi-chien-khong-dau-besico-bsa5-0d#primaryimage"},"image":{"@id":"https:\/\/mypham25.mauthemewp.com\/?product=noi-chien-khong-dau-besico-bsa5-0d#primaryimage"},"thumbnailUrl":"https:\/\/mypham25.mauthemewp.com\/wp-content\/uploads\/2022\/10\/nckd-5-1.jpg","datePublished":"2022-10-24T16:12:44+00:00","dateModified":"2022-11-02T07:45:47+00:00","breadcrumb":{"@id":"https:\/\/mypham25.mauthemewp.com\/?product=noi-chien-khong-dau-besico-bsa5-0d#breadcrumb"},"inLanguage":"vi","potentialAction":[{"@type":"ReadAction","target":["https:\/\/mypham25.mauthemewp.com\/?product=noi-chien-khong-dau-besico-bsa5-0d"]}]},{"@type":"ImageObject","inLanguage":"vi","@id":"https:\/\/mypham25.mauthemewp.com\/?product=noi-chien-khong-dau-besico-bsa5-0d#primaryimage","url":"https:\/\/mypham25.mauthemewp.com\/wp-content\/uploads\/2022\/10\/nckd-5-1.jpg","contentUrl":"https:\/\/mypham25.mauthemewp.com\/wp-content\/uploads\/2022\/10\/nckd-5-1.jpg","width":1200,"height":1200},{"@type":"BreadcrumbList","@id":"https:\/\/mypham25.mauthemewp.com\/?product=noi-chien-khong-dau-besico-bsa5-0d#breadcrumb","itemListElement":[{"@type":"ListItem","position":1,"name":"Trang ch\u1ee7","item":"https:\/\/mypham25.mauthemewp.com\/"},{"@type":"ListItem","position":2,"name":"Shop","item":"https:\/\/mypham25.mauthemewp.com\/?page_id=63"},{"@type":"ListItem","position":3,"name":"D\u1ea7u g\u1ed9i, d\u1ea7u x\u1ea3","item":"https:\/\/mypham25.mauthemewp.com\/?product_cat=dau-goi-dau-xa"},{"@type":"ListItem","position":4,"name":"N\u1ed3i chi\u00ean h\u01a1i n\u01b0\u1edbc BSA5.0D"}]},{"@type":"WebSite","@id":"https:\/\/mypham25.mauthemewp.com\/#website","url":"https:\/\/mypham25.mauthemewp.com\/","name":"C\u00d4NG TY CP D\u01af\u1ee2C PH\u1ea8M DEMO","description":"","potentialAction":[{"@type":"SearchAction","target":{"@type":"EntryPoint","urlTemplate":"https:\/\/mypham25.mauthemewp.com\/?s={search_term_string}"},"query-input":{"@type":"PropertyValueSpecification","valueRequired":true,"valueName":"search_term_string"}}],"inLanguage":"vi"}]}},"_links":{"self":[{"href":"https:\/\/mypham25.mauthemewp.com\/index.php?rest_route=\/wp\/v2\/product\/1187","targetHints":{"allow":["GET"]}}],"collection":[{"href":"https:\/\/mypham25.mauthemewp.com\/index.php?rest_route=\/wp\/v2\/product"}],"about":[{"href":"https:\/\/mypham25.mauthemewp.com\/index.php?rest_route=\/wp\/v2\/types\/product"}],"replies":[{"embeddable":true,"href":"https:\/\/mypham25.mauthemewp.com\/index.php?rest_route=%2Fwp%2Fv2%2Fcomments&post=1187"}],"wp:featuredmedia":[{"embeddable":true,"href":"https:\/\/mypham25.mauthemewp.com\/index.php?rest_route=\/wp\/v2\/media\/1443"}],"wp:attachment":[{"href":"https:\/\/mypham25.mauthemewp.com\/index.php?rest_route=%2Fwp%2Fv2%2Fmedia&parent=1187"}],"wp:term":[{"taxonomy":"product_brand","embeddable":true,"href":"https:\/\/mypham25.mauthemewp.com\/index.php?rest_route=%2Fwp%2Fv2%2Fproduct_brand&post=1187"},{"taxonomy":"product_cat","embeddable":true,"href":"https:\/\/mypham25.mauthemewp.com\/index.php?rest_route=%2Fwp%2Fv2%2Fproduct_cat&post=1187"},{"taxonomy":"product_tag","embeddable":true,"href":"https:\/\/mypham25.mauthemewp.com\/index.php?rest_route=%2Fwp%2Fv2%2Fproduct_tag&post=1187"}],"curies":[{"name":"wp","href":"https:\/\/api.w.org\/{rel}","templated":true}]}}