{"id":1580,"date":"2022-10-31T15:41:33","date_gmt":"2022-10-31T15:41:33","guid":{"rendered":"https:\/\/mau4.maudep.com.vn\/besico\/?post_type=product&#038;p=1580"},"modified":"2022-11-02T01:57:35","modified_gmt":"2022-11-02T01:57:35","slug":"noi-chien-khong-dau-model-baf5-5m-2","status":"publish","type":"product","link":"https:\/\/mypham25.mauthemewp.com\/?product=noi-chien-khong-dau-model-baf5-5m-2","title":{"rendered":"N\u1ed3i chi\u00ean kh\u00f4ng d\u1ea7u BAF5.5M"},"content":{"rendered":"<p><b>N\u1ed3i chi\u00ean kh\u00f4ng d\u1ea7u Rapid Air Besico BAF5.5M thao t\u00e1c d\u1ec5 d\u00e0ng, thu\u1eadn ti\u1ec7n<\/b><\/p>\n<p><span style=\"font-weight: 400\">V\u1edbi k\u00edch th\u01b0\u1edbc nh\u1ecf g\u1ecdn, n\u1ed3i chi\u00ean kh\u00f4ng d\u1ea7u \u0111i\u1ec1u khi\u1ec3n c\u01a1 model BAF5.5M ph\u00f9 h\u1ee3p cho ng\u01b0\u1eddi \u0111\u1ed9c th\u00e2n, ho\u1eb7c gia \u0111\u00ecnh nh\u1ecf. \u0110\u01a1n gi\u1ea3n h\u00f3a cu\u1ed9c s\u1ed1ng c\u1ee7a b\u1ea1n b\u1eaft \u0111\u1ea7u t\u1eeb vi\u1ec7c n\u1ea5u n\u01b0\u1edbng th\u1ea3nh th\u01a1i, \u0103n u\u1ed1ng l\u00e0nh m\u1ea1nh v\u1edbi n\u1ed3i chi\u00ean Besico. T\u00edch h\u1ee3p c\u00f4ng ngh\u1ec7 Rapid Air hi\u1ec7n \u0111\u1ea1i, lu\u1ed3ng kh\u00ed lu\u00e2n chuy\u1ec3n kh\u1eafp l\u00f2ng n\u1ed3i gi\u00fap th\u1ee9c \u0103n ch\u00edn nhanh, ch\u00edn \u0111\u1ec1u, ti\u1ebft ki\u1ec7m th\u1eddi gian n\u1ea5u \u0103n.<\/span><\/p>\n<p style=\"text-align: center\"><img loading=\"lazy\" decoding=\"async\" class=\"alignnone wp-image-1420\" src=\"https:\/\/mau4.maudep.com.vn\/besico\/wp-content\/uploads\/2022\/10\/ceba3f9532c2f49cadd3-674x400.jpg\" alt=\"\" width=\"600\" height=\"356\" srcset=\"https:\/\/mypham25.mauthemewp.com\/wp-content\/uploads\/2022\/10\/ceba3f9532c2f49cadd3-674x400.jpg 674w, https:\/\/mypham25.mauthemewp.com\/wp-content\/uploads\/2022\/10\/ceba3f9532c2f49cadd3-768x456.jpg 768w, https:\/\/mypham25.mauthemewp.com\/wp-content\/uploads\/2022\/10\/ceba3f9532c2f49cadd3-600x356.jpg 600w, https:\/\/mypham25.mauthemewp.com\/wp-content\/uploads\/2022\/10\/ceba3f9532c2f49cadd3.jpg 1149w\" sizes=\"auto, (max-width: 600px) 100vw, 600px\" \/><\/p>\n<p><b>\u0110i\u1ec1u khi\u1ec3n c\u01a1 d\u1ec5 d\u00e0ng s\u1eed d\u1ee5ng, ph\u00f9 h\u1ee3p m\u1ecdi \u0111\u1ed1i t\u01b0\u1ee3ng<\/b><\/p>\n<p><span style=\"font-weight: 400\">S\u1eed d\u1ee5ng h\u1ec7 th\u1ed1ng \u0111i\u1ec1u khi\u1ec3n analog \u0111\u1ec3 \u0111i\u1ec1u ch\u1ec9nh nhi\u1ec7t \u0111\u1ed9 v\u00e0 th\u1eddi gian th\u00f4ng qua n\u00fam v\u1eb7n<\/span><span style=\"font-weight: 400\">, n\u1ed3i chi\u00ean Besico BAF5.5M thu\u1eadn ti\u1ec7n trong vi\u1ec7c \u0111\u1eb7t th\u1eddi gian v\u00e0 m\u1ee9c nhi\u1ec7t chu\u1ea9n d\u00e0nh cho c\u00e1c lo\u1ea1i nguy\u00ean li\u1ec7u kh\u00e1c nhau, theo mong mu\u1ed1n c\u1ee5 th\u1ec3 c\u1ee7a ng\u01b0\u1eddi s\u1eed d\u1ee5ng. Kh\u00f4ng c\u1ea7n \u0111\u1ebfn c\u00e1c thao t\u00e1c nh\u01b0 b\u1eadt t\u1eaft, t\u00e1c v\u1ee5 xoay \u0111\u01a1n gi\u1ea3n, th\u00e2n thi\u1ec7n v\u1edbi ng\u01b0\u1eddi d\u00f9ng, \u0111\u1eb7c bi\u1ec7t trong c\u00e1c gia \u0111\u00ecnh c\u00f3 ng\u01b0\u1eddi l\u1edbn tu\u1ed5i. Thi\u1ebft k\u1ebf g\u1ecdn g\u00e0ng gi\u00fap b\u1ea1n di chuy\u1ec3n v\u1ecb tr\u00ed s\u1ea3n ph\u1ea9m d\u1ec5 d\u00e0ng v\u00e0 lau ch\u00f9i sau m\u1ed7i l\u1ea7n n\u1ea5u n\u01b0\u1edbng.\u00a0<\/span><\/p>\n<p><img loading=\"lazy\" decoding=\"async\" class=\"aligncenter wp-image-1422\" src=\"https:\/\/mau4.maudep.com.vn\/besico\/wp-content\/uploads\/2022\/10\/JHBCKA-800x263.jpg\" alt=\"\" width=\"974\" height=\"320\" srcset=\"https:\/\/mypham25.mauthemewp.com\/wp-content\/uploads\/2022\/10\/JHBCKA-800x263.jpg 800w, https:\/\/mypham25.mauthemewp.com\/wp-content\/uploads\/2022\/10\/JHBCKA-1400x460.jpg 1400w, https:\/\/mypham25.mauthemewp.com\/wp-content\/uploads\/2022\/10\/JHBCKA-768x252.jpg 768w, https:\/\/mypham25.mauthemewp.com\/wp-content\/uploads\/2022\/10\/JHBCKA-1536x505.jpg 1536w, https:\/\/mypham25.mauthemewp.com\/wp-content\/uploads\/2022\/10\/JHBCKA-600x197.jpg 600w, https:\/\/mypham25.mauthemewp.com\/wp-content\/uploads\/2022\/10\/JHBCKA.jpg 1665w\" sizes=\"auto, (max-width: 974px) 100vw, 974px\" \/><\/p>\n<p><b>K\u00ednh c\u01b0\u1eddng l\u1ef1c trong su\u1ed1t, d\u1ec5 d\u00e0ng quan s\u00e1t qu\u00e1 tr\u00ecnh n\u1ea5u<\/b><\/p>\n<p><span style=\"font-weight: 400\">\u0110\u01b0\u1ee3c thi\u1ebft k\u1ebf m\u1eb7t k\u00ednh c\u01b0\u1eddng l\u1ef1c trong su\u1ed1t, ng\u01b0\u1eddi d\u00f9ng c\u00f3 th\u1ec3 quan s\u00e1t s\u1ef1 thay \u0111\u1ed5i v\u1ec1 m\u00e0u s\u1eafc c\u1ee7a th\u1ef1c ph\u1ea9m, ki\u1ec3m tra \u0111\u1ed9 ch\u00edn c\u1ee7a m\u00f3n \u0103n m\u00e0 kh\u00f4ng c\u1ea7n ph\u1ea3i m\u1edf n\u1ed3i. T\u1eeb \u0111\u00f3, ng\u01b0\u1eddi s\u1eed d\u1ee5ng c\u00f3 th\u1ec3 thay \u0111\u1ed5i nhi\u1ec7t \u0111\u1ed9 v\u00e0 th\u1eddi gian h\u1ee3p l\u00fd \u0111\u1ec3 h\u01b0\u01a1ng v\u1ecb m\u00f3n \u0103n \u0111\u00fang kh\u1ea9u v\u1ecb gia \u0111\u00ecnh.\u00a0<\/span><\/p>\n<p><img loading=\"lazy\" decoding=\"async\" class=\"aligncenter wp-image-1423\" src=\"https:\/\/mau4.maudep.com.vn\/besico\/wp-content\/uploads\/2022\/10\/Photo-Manual-Air-fryer-5.5L-01-1-400x400.png\" alt=\"\" width=\"500\" height=\"500\" srcset=\"https:\/\/mypham25.mauthemewp.com\/wp-content\/uploads\/2022\/10\/Photo-Manual-Air-fryer-5.5L-01-1-400x400.png 400w, https:\/\/mypham25.mauthemewp.com\/wp-content\/uploads\/2022\/10\/Photo-Manual-Air-fryer-5.5L-01-1-800x800.png 800w, https:\/\/mypham25.mauthemewp.com\/wp-content\/uploads\/2022\/10\/Photo-Manual-Air-fryer-5.5L-01-1-280x280.png 280w, https:\/\/mypham25.mauthemewp.com\/wp-content\/uploads\/2022\/10\/Photo-Manual-Air-fryer-5.5L-01-1-768x768.png 768w, https:\/\/mypham25.mauthemewp.com\/wp-content\/uploads\/2022\/10\/Photo-Manual-Air-fryer-5.5L-01-1-1536x1536.png 1536w, https:\/\/mypham25.mauthemewp.com\/wp-content\/uploads\/2022\/10\/Photo-Manual-Air-fryer-5.5L-01-1-2048x2048.png 2048w, https:\/\/mypham25.mauthemewp.com\/wp-content\/uploads\/2022\/10\/Photo-Manual-Air-fryer-5.5L-01-1-600x600.png 600w, https:\/\/mypham25.mauthemewp.com\/wp-content\/uploads\/2022\/10\/Photo-Manual-Air-fryer-5.5L-01-1-100x100.png 100w\" sizes=\"auto, (max-width: 500px) 100vw, 500px\" \/><\/p>\n<p><b>D\u1ec5 d\u00e0ng th\u00e1o r\u1eddi, v\u1ec7 sinh c\u1ecd r\u1eeda<\/b><\/p>\n<p><span style=\"font-weight: 400\">L\u00f2ng n\u1ed3i s\u1eed d\u1ee5ng ch\u1ea5t li\u1ec7u th\u00e9p kh\u00f4ng g\u1ec9 ph\u1ee7 ch\u1ed1ng d\u00ednh, th\u1ef1c ph\u1ea9m kh\u00f4ng b\u1ecb b\u00e1m d\u00ednh v\u00e0o khay\/r\u1ed5 chi\u00ean, d\u1ec5 d\u00e0ng v\u1ec7 sinh. Ngo\u00e0i ra, khay chi\u00ean ph\u1ee7 ch\u1ed1ng d\u00ednh Teflon cao c\u1ea5p gi\u00fap ng\u0103n t\u00ecnh tr\u1ea1ng th\u00f4i nhi\u1ec5m c\u00e1c ch\u1ea5t c\u00f3 h\u1ea1i sinh ra trong qu\u00e1 tr\u00ecnh n\u1ea5u \u1edf nhi\u1ec7t \u0111\u1ed9 cao v\u00e0o th\u1ef1c ph\u1ea9m, \u0111\u1ea3m b\u1ea3o nh\u1eefng b\u1eefa \u0103n an to\u00e0n cho c\u1ea3 gia \u0111\u00ecnh b\u1ea1n. L\u00f2ng n\u1ed3i \u0111\u01b0\u1ee3c thi\u1ebft k\u1ebf d\u1ec5 d\u00e0ng th\u00e1o r\u1eddi, ti\u1ec7n l\u1ee3i trong vi\u1ec7c v\u1ec7 sinh, c\u1ecd r\u1eeda v\u00e0 v\u1eabn gi\u1eef \u0111\u01b0\u1ee3c \u0111\u1ed9 b\u1ec1n c\u1ee7a v\u1ec9 chi\u00ean.<\/span><\/p>\n<p><img loading=\"lazy\" decoding=\"async\" class=\"alignnone size-medium wp-image-1424 aligncenter\" src=\"https:\/\/mau4.maudep.com.vn\/besico\/wp-content\/uploads\/2022\/10\/ANH-scaled-e1667203861300-490x400.jpg\" alt=\"\" width=\"490\" height=\"400\" srcset=\"https:\/\/mypham25.mauthemewp.com\/wp-content\/uploads\/2022\/10\/ANH-scaled-e1667203861300-490x400.jpg 490w, https:\/\/mypham25.mauthemewp.com\/wp-content\/uploads\/2022\/10\/ANH-scaled-e1667203861300-980x800.jpg 980w, https:\/\/mypham25.mauthemewp.com\/wp-content\/uploads\/2022\/10\/ANH-scaled-e1667203861300-768x627.jpg 768w, https:\/\/mypham25.mauthemewp.com\/wp-content\/uploads\/2022\/10\/ANH-scaled-e1667203861300-1536x1253.jpg 1536w, https:\/\/mypham25.mauthemewp.com\/wp-content\/uploads\/2022\/10\/ANH-scaled-e1667203861300-2048x1671.jpg 2048w, https:\/\/mypham25.mauthemewp.com\/wp-content\/uploads\/2022\/10\/ANH-scaled-e1667203861300-600x490.jpg 600w\" sizes=\"auto, (max-width: 490px) 100vw, 490px\" \/><\/p>\n","protected":false},"excerpt":{"rendered":"<p>S\u1ea3n ph\u1ea9m an to\u00e0n, ti\u1ec7n d\u1ee5ng cho ng\u01b0\u1eddi ti\u00eau d\u00f9ng<\/p>\n","protected":false},"featured_media":1433,"comment_status":"open","ping_status":"closed","template":"","meta":{"_acf_changed":false},"product_brand":[],"product_cat":[15,129],"product_tag":[],"class_list":{"0":"post-1580","1":"product","2":"type-product","3":"status-publish","4":"has-post-thumbnail","6":"product_cat-dau-xoa-bop-xuong-khop","7":"product_cat-dau-goi-dau-xa","9":"first","10":"instock","11":"shipping-taxable","12":"purchasable","13":"product-type-simple"},"acf":[],"yoast_head":"<!-- This site is optimized with the Yoast SEO plugin v26.3 - https:\/\/yoast.com\/wordpress\/plugins\/seo\/ -->\n<title>N\u1ed3i chi\u00ean kh\u00f4ng d\u1ea7u BAF5.5M - C\u00d4NG TY CP D\u01af\u1ee2C PH\u1ea8M DEMO<\/title>\n<meta name=\"robots\" content=\"noindex, follow, max-snippet:-1, max-image-preview:large, max-video-preview:-1\" \/>\n<meta property=\"og:locale\" content=\"vi_VN\" \/>\n<meta property=\"og:type\" content=\"article\" \/>\n<meta property=\"og:title\" content=\"N\u1ed3i chi\u00ean kh\u00f4ng d\u1ea7u BAF5.5M - C\u00d4NG TY CP D\u01af\u1ee2C PH\u1ea8M DEMO\" \/>\n<meta property=\"og:description\" content=\"S\u1ea3n ph\u1ea9m an to\u00e0n, ti\u1ec7n d\u1ee5ng cho ng\u01b0\u1eddi ti\u00eau d\u00f9ng\" \/>\n<meta property=\"og:url\" content=\"https:\/\/mypham25.mauthemewp.com\/?product=noi-chien-khong-dau-model-baf5-5m-2\" \/>\n<meta property=\"og:site_name\" content=\"C\u00d4NG TY CP D\u01af\u1ee2C PH\u1ea8M DEMO\" \/>\n<meta property=\"article:modified_time\" content=\"2022-11-02T01:57:35+00:00\" \/>\n<meta property=\"og:image\" content=\"https:\/\/mypham25.mauthemewp.com\/wp-content\/uploads\/2022\/10\/Photo-Manual-Air-fryer-5.5L-01-2.png\" \/>\n\t<meta property=\"og:image:width\" content=\"2778\" \/>\n\t<meta property=\"og:image:height\" content=\"2778\" \/>\n\t<meta property=\"og:image:type\" content=\"image\/png\" \/>\n<meta name=\"twitter:card\" content=\"summary_large_image\" \/>\n<meta name=\"twitter:label1\" content=\"\u01af\u1edbc t\u00ednh th\u1eddi gian \u0111\u1ecdc\" \/>\n\t<meta name=\"twitter:data1\" content=\"3 ph\u00fat\" \/>\n<script type=\"application\/ld+json\" class=\"yoast-schema-graph\">{\"@context\":\"https:\/\/schema.org\",\"@graph\":[{\"@type\":\"WebPage\",\"@id\":\"https:\/\/mypham25.mauthemewp.com\/?product=noi-chien-khong-dau-model-baf5-5m-2\",\"url\":\"https:\/\/mypham25.mauthemewp.com\/?product=noi-chien-khong-dau-model-baf5-5m-2\",\"name\":\"N\u1ed3i chi\u00ean kh\u00f4ng d\u1ea7u BAF5.5M - C\u00d4NG TY CP D\u01af\u1ee2C PH\u1ea8M DEMO\",\"isPartOf\":{\"@id\":\"https:\/\/mypham25.mauthemewp.com\/#website\"},\"primaryImageOfPage\":{\"@id\":\"https:\/\/mypham25.mauthemewp.com\/?product=noi-chien-khong-dau-model-baf5-5m-2#primaryimage\"},\"image\":{\"@id\":\"https:\/\/mypham25.mauthemewp.com\/?product=noi-chien-khong-dau-model-baf5-5m-2#primaryimage\"},\"thumbnailUrl\":\"https:\/\/mypham25.mauthemewp.com\/wp-content\/uploads\/2022\/10\/Photo-Manual-Air-fryer-5.5L-01-2.png\",\"datePublished\":\"2022-10-31T15:41:33+00:00\",\"dateModified\":\"2022-11-02T01:57:35+00:00\",\"breadcrumb\":{\"@id\":\"https:\/\/mypham25.mauthemewp.com\/?product=noi-chien-khong-dau-model-baf5-5m-2#breadcrumb\"},\"inLanguage\":\"vi\",\"potentialAction\":[{\"@type\":\"ReadAction\",\"target\":[\"https:\/\/mypham25.mauthemewp.com\/?product=noi-chien-khong-dau-model-baf5-5m-2\"]}]},{\"@type\":\"ImageObject\",\"inLanguage\":\"vi\",\"@id\":\"https:\/\/mypham25.mauthemewp.com\/?product=noi-chien-khong-dau-model-baf5-5m-2#primaryimage\",\"url\":\"https:\/\/mypham25.mauthemewp.com\/wp-content\/uploads\/2022\/10\/Photo-Manual-Air-fryer-5.5L-01-2.png\",\"contentUrl\":\"https:\/\/mypham25.mauthemewp.com\/wp-content\/uploads\/2022\/10\/Photo-Manual-Air-fryer-5.5L-01-2.png\",\"width\":2778,\"height\":2778},{\"@type\":\"BreadcrumbList\",\"@id\":\"https:\/\/mypham25.mauthemewp.com\/?product=noi-chien-khong-dau-model-baf5-5m-2#breadcrumb\",\"itemListElement\":[{\"@type\":\"ListItem\",\"position\":1,\"name\":\"Trang ch\u1ee7\",\"item\":\"https:\/\/mypham25.mauthemewp.com\/\"},{\"@type\":\"ListItem\",\"position\":2,\"name\":\"Shop\",\"item\":\"https:\/\/mypham25.mauthemewp.com\/?page_id=63\"},{\"@type\":\"ListItem\",\"position\":3,\"name\":\"D\u1ea7u g\u1ed9i, d\u1ea7u x\u1ea3\",\"item\":\"https:\/\/mypham25.mauthemewp.com\/?product_cat=dau-goi-dau-xa\"},{\"@type\":\"ListItem\",\"position\":4,\"name\":\"N\u1ed3i chi\u00ean kh\u00f4ng d\u1ea7u BAF5.5M\"}]},{\"@type\":\"WebSite\",\"@id\":\"https:\/\/mypham25.mauthemewp.com\/#website\",\"url\":\"https:\/\/mypham25.mauthemewp.com\/\",\"name\":\"C\u00d4NG TY CP D\u01af\u1ee2C PH\u1ea8M DEMO\",\"description\":\"\",\"potentialAction\":[{\"@type\":\"SearchAction\",\"target\":{\"@type\":\"EntryPoint\",\"urlTemplate\":\"https:\/\/mypham25.mauthemewp.com\/?s={search_term_string}\"},\"query-input\":{\"@type\":\"PropertyValueSpecification\",\"valueRequired\":true,\"valueName\":\"search_term_string\"}}],\"inLanguage\":\"vi\"}]}<\/script>\n<!-- \/ Yoast SEO plugin. -->","yoast_head_json":{"title":"N\u1ed3i chi\u00ean kh\u00f4ng d\u1ea7u BAF5.5M - C\u00d4NG TY CP D\u01af\u1ee2C PH\u1ea8M DEMO","robots":{"index":"noindex","follow":"follow","max-snippet":"max-snippet:-1","max-image-preview":"max-image-preview:large","max-video-preview":"max-video-preview:-1"},"og_locale":"vi_VN","og_type":"article","og_title":"N\u1ed3i chi\u00ean kh\u00f4ng d\u1ea7u BAF5.5M - C\u00d4NG TY CP D\u01af\u1ee2C PH\u1ea8M DEMO","og_description":"S\u1ea3n ph\u1ea9m an to\u00e0n, ti\u1ec7n d\u1ee5ng cho ng\u01b0\u1eddi ti\u00eau d\u00f9ng","og_url":"https:\/\/mypham25.mauthemewp.com\/?product=noi-chien-khong-dau-model-baf5-5m-2","og_site_name":"C\u00d4NG TY CP D\u01af\u1ee2C PH\u1ea8M DEMO","article_modified_time":"2022-11-02T01:57:35+00:00","og_image":[{"width":2778,"height":2778,"url":"https:\/\/mypham25.mauthemewp.com\/wp-content\/uploads\/2022\/10\/Photo-Manual-Air-fryer-5.5L-01-2.png","type":"image\/png"}],"twitter_card":"summary_large_image","twitter_misc":{"\u01af\u1edbc t\u00ednh th\u1eddi gian \u0111\u1ecdc":"3 ph\u00fat"},"schema":{"@context":"https:\/\/schema.org","@graph":[{"@type":"WebPage","@id":"https:\/\/mypham25.mauthemewp.com\/?product=noi-chien-khong-dau-model-baf5-5m-2","url":"https:\/\/mypham25.mauthemewp.com\/?product=noi-chien-khong-dau-model-baf5-5m-2","name":"N\u1ed3i chi\u00ean kh\u00f4ng d\u1ea7u BAF5.5M - C\u00d4NG TY CP D\u01af\u1ee2C PH\u1ea8M DEMO","isPartOf":{"@id":"https:\/\/mypham25.mauthemewp.com\/#website"},"primaryImageOfPage":{"@id":"https:\/\/mypham25.mauthemewp.com\/?product=noi-chien-khong-dau-model-baf5-5m-2#primaryimage"},"image":{"@id":"https:\/\/mypham25.mauthemewp.com\/?product=noi-chien-khong-dau-model-baf5-5m-2#primaryimage"},"thumbnailUrl":"https:\/\/mypham25.mauthemewp.com\/wp-content\/uploads\/2022\/10\/Photo-Manual-Air-fryer-5.5L-01-2.png","datePublished":"2022-10-31T15:41:33+00:00","dateModified":"2022-11-02T01:57:35+00:00","breadcrumb":{"@id":"https:\/\/mypham25.mauthemewp.com\/?product=noi-chien-khong-dau-model-baf5-5m-2#breadcrumb"},"inLanguage":"vi","potentialAction":[{"@type":"ReadAction","target":["https:\/\/mypham25.mauthemewp.com\/?product=noi-chien-khong-dau-model-baf5-5m-2"]}]},{"@type":"ImageObject","inLanguage":"vi","@id":"https:\/\/mypham25.mauthemewp.com\/?product=noi-chien-khong-dau-model-baf5-5m-2#primaryimage","url":"https:\/\/mypham25.mauthemewp.com\/wp-content\/uploads\/2022\/10\/Photo-Manual-Air-fryer-5.5L-01-2.png","contentUrl":"https:\/\/mypham25.mauthemewp.com\/wp-content\/uploads\/2022\/10\/Photo-Manual-Air-fryer-5.5L-01-2.png","width":2778,"height":2778},{"@type":"BreadcrumbList","@id":"https:\/\/mypham25.mauthemewp.com\/?product=noi-chien-khong-dau-model-baf5-5m-2#breadcrumb","itemListElement":[{"@type":"ListItem","position":1,"name":"Trang ch\u1ee7","item":"https:\/\/mypham25.mauthemewp.com\/"},{"@type":"ListItem","position":2,"name":"Shop","item":"https:\/\/mypham25.mauthemewp.com\/?page_id=63"},{"@type":"ListItem","position":3,"name":"D\u1ea7u g\u1ed9i, d\u1ea7u x\u1ea3","item":"https:\/\/mypham25.mauthemewp.com\/?product_cat=dau-goi-dau-xa"},{"@type":"ListItem","position":4,"name":"N\u1ed3i chi\u00ean kh\u00f4ng d\u1ea7u BAF5.5M"}]},{"@type":"WebSite","@id":"https:\/\/mypham25.mauthemewp.com\/#website","url":"https:\/\/mypham25.mauthemewp.com\/","name":"C\u00d4NG TY CP D\u01af\u1ee2C PH\u1ea8M DEMO","description":"","potentialAction":[{"@type":"SearchAction","target":{"@type":"EntryPoint","urlTemplate":"https:\/\/mypham25.mauthemewp.com\/?s={search_term_string}"},"query-input":{"@type":"PropertyValueSpecification","valueRequired":true,"valueName":"search_term_string"}}],"inLanguage":"vi"}]}},"_links":{"self":[{"href":"https:\/\/mypham25.mauthemewp.com\/index.php?rest_route=\/wp\/v2\/product\/1580","targetHints":{"allow":["GET"]}}],"collection":[{"href":"https:\/\/mypham25.mauthemewp.com\/index.php?rest_route=\/wp\/v2\/product"}],"about":[{"href":"https:\/\/mypham25.mauthemewp.com\/index.php?rest_route=\/wp\/v2\/types\/product"}],"replies":[{"embeddable":true,"href":"https:\/\/mypham25.mauthemewp.com\/index.php?rest_route=%2Fwp%2Fv2%2Fcomments&post=1580"}],"wp:featuredmedia":[{"embeddable":true,"href":"https:\/\/mypham25.mauthemewp.com\/index.php?rest_route=\/wp\/v2\/media\/1433"}],"wp:attachment":[{"href":"https:\/\/mypham25.mauthemewp.com\/index.php?rest_route=%2Fwp%2Fv2%2Fmedia&parent=1580"}],"wp:term":[{"taxonomy":"product_brand","embeddable":true,"href":"https:\/\/mypham25.mauthemewp.com\/index.php?rest_route=%2Fwp%2Fv2%2Fproduct_brand&post=1580"},{"taxonomy":"product_cat","embeddable":true,"href":"https:\/\/mypham25.mauthemewp.com\/index.php?rest_route=%2Fwp%2Fv2%2Fproduct_cat&post=1580"},{"taxonomy":"product_tag","embeddable":true,"href":"https:\/\/mypham25.mauthemewp.com\/index.php?rest_route=%2Fwp%2Fv2%2Fproduct_tag&post=1580"}],"curies":[{"name":"wp","href":"https:\/\/api.w.org\/{rel}","templated":true}]}}